{"id":8531,"date":"2025-07-02T15:43:28","date_gmt":"2025-07-02T14:43:28","guid":{"rendered":"https:\/\/urbanoid.pt\/?post_type=product&#038;p=8531"},"modified":"2025-07-02T15:45:24","modified_gmt":"2025-07-02T14:45:24","slug":"almofada-listarda-rosa-claro","status":"publish","type":"product","link":"https:\/\/urbanoid.pt\/index.php\/pt\/product\/almofada-listarda-rosa-claro\/","title":{"rendered":"ALMOFADA LISTRADA ROSA CLARO"},"content":{"rendered":"<p>A URBANOID produz de acordo com os pedidos de cada cliente. Cri\u00e1mos um sistema de produ\u00e7\u00e3o que responde diretamente \u00e0 procura real, evitando a sobreprodu\u00e7\u00e3o \u2014 um dos grandes desafios da sustentabilidade. Este m\u00e9todo implica um prazo de entrega mais alargado, pois cada pe\u00e7a \u00e9 feita especialmente para si.<\/p>\n","protected":false},"excerpt":{"rendered":"<p>Almofada em linho rosa claro com listras em preto, creme e azul claro. Enchimento n\u00e3o inclu\u00eddo.<\/p>\n","protected":false},"featured_media":8533,"template":"","meta":[],"product_brand":[],"product_cat":[1368],"product_tag":[],"class_list":{"0":"post-8531","1":"product","2":"type-product","3":"status-publish","4":"has-post-thumbnail","6":"product_cat-viver","8":"first","9":"instock","10":"taxable","11":"shipping-taxable","12":"purchasable","13":"product-type-simple"},"_links":{"self":[{"href":"https:\/\/urbanoid.pt\/index.php\/wp-json\/wp\/v2\/product\/8531","targetHints":{"allow":["GET"]}}],"collection":[{"href":"https:\/\/urbanoid.pt\/index.php\/wp-json\/wp\/v2\/product"}],"about":[{"href":"https:\/\/urbanoid.pt\/index.php\/wp-json\/wp\/v2\/types\/product"}],"wp:featuredmedia":[{"embeddable":true,"href":"https:\/\/urbanoid.pt\/index.php\/wp-json\/wp\/v2\/media\/8533"}],"wp:attachment":[{"href":"https:\/\/urbanoid.pt\/index.php\/wp-json\/wp\/v2\/media?parent=8531"}],"wp:term":[{"taxonomy":"product_brand","embeddable":true,"href":"https:\/\/urbanoid.pt\/index.php\/wp-json\/wp\/v2\/product_brand?post=8531"},{"taxonomy":"product_cat","embeddable":true,"href":"https:\/\/urbanoid.pt\/index.php\/wp-json\/wp\/v2\/product_cat?post=8531"},{"taxonomy":"product_tag","embeddable":true,"href":"https:\/\/urbanoid.pt\/index.php\/wp-json\/wp\/v2\/product_tag?post=8531"}],"curies":[{"name":"wp","href":"https:\/\/api.w.org\/{rel}","templated":true}]}}