{"id":6827,"date":"2022-10-15T17:30:56","date_gmt":"2022-10-15T17:30:56","guid":{"rendered":"https:\/\/urbanoid.pt\/?post_type=product&#038;p=6827"},"modified":"2024-05-07T01:41:03","modified_gmt":"2024-05-07T00:41:03","slug":"botija-ceramica-pequena","status":"publish","type":"product","link":"https:\/\/urbanoid.pt\/index.php\/pt\/product\/botija-ceramica-pequena\/","title":{"rendered":"Botija Cer\u00e2mica Pequena"},"content":{"rendered":"<p>A URBANOID produz de acordo com os pedidos de cada cliente. Ao criar um sistema de produ\u00e7\u00e3o que segue o pedido do mercado, fabricamos de forma realista, evitando o excesso de produ\u00e7\u00e3o \u2013 um dos maiores problemas quando se olha para a sustentabilidade das ind\u00fastrias no geral. Sublinhamos que este m\u00e9todo de produ\u00e7\u00e3o implica um aumento do tempo necess\u00e1rio para a entrega da encomenda, porque cada pe\u00e7a ser\u00e1 produzida especialmente para cada cliente!<\/p>\n","protected":false},"excerpt":{"rendered":"<p>Botija de cer\u00e2mica com acabamento mate, textura por fora e por dentro. Pode conter \u00e1gua.<\/p>\n","protected":false},"featured_media":6816,"template":"","meta":[],"product_brand":[],"product_cat":[1372,1368],"product_tag":[1393],"class_list":{"0":"post-6827","1":"product","2":"type-product","3":"status-publish","4":"has-post-thumbnail","6":"product_cat-ceramicas","7":"product_cat-viver","8":"product_tag-ceramicas","10":"first","11":"instock","12":"taxable","13":"shipping-taxable","14":"purchasable","15":"product-type-simple"},"_links":{"self":[{"href":"https:\/\/urbanoid.pt\/index.php\/wp-json\/wp\/v2\/product\/6827","targetHints":{"allow":["GET"]}}],"collection":[{"href":"https:\/\/urbanoid.pt\/index.php\/wp-json\/wp\/v2\/product"}],"about":[{"href":"https:\/\/urbanoid.pt\/index.php\/wp-json\/wp\/v2\/types\/product"}],"wp:featuredmedia":[{"embeddable":true,"href":"https:\/\/urbanoid.pt\/index.php\/wp-json\/wp\/v2\/media\/6816"}],"wp:attachment":[{"href":"https:\/\/urbanoid.pt\/index.php\/wp-json\/wp\/v2\/media?parent=6827"}],"wp:term":[{"taxonomy":"product_brand","embeddable":true,"href":"https:\/\/urbanoid.pt\/index.php\/wp-json\/wp\/v2\/product_brand?post=6827"},{"taxonomy":"product_cat","embeddable":true,"href":"https:\/\/urbanoid.pt\/index.php\/wp-json\/wp\/v2\/product_cat?post=6827"},{"taxonomy":"product_tag","embeddable":true,"href":"https:\/\/urbanoid.pt\/index.php\/wp-json\/wp\/v2\/product_tag?post=6827"}],"curies":[{"name":"wp","href":"https:\/\/api.w.org\/{rel}","templated":true}]}}