{"id":6324,"date":"2022-07-22T21:41:19","date_gmt":"2022-07-22T21:41:19","guid":{"rendered":"https:\/\/urbanoid.pt\/?post_type=product&#038;p=6324"},"modified":"2024-04-11T00:15:45","modified_gmt":"2024-04-10T23:15:45","slug":"vestido-curto-al-lover-marshmellow","status":"publish","type":"product","link":"https:\/\/urbanoid.pt\/index.php\/pt\/product\/vestido-curto-al-lover-marshmellow\/","title":{"rendered":"Vestido Curto Al Lover Marshmellow"},"content":{"rendered":"<p><span data-sheets-value=\"{&quot;1&quot;:2,&quot;2&quot;:&quot;A URBANOID produz de acordo com os pedidos de cada cliente. Ao criar um sistema de produ\u00e7\u00e3o que segue o pedido do mercado, fabricamos de forma realista, evitando o excesso de produ\u00e7\u00e3o \u2013 um dos maiores problemas quando se olha para a sustentabilidade. Sublinhamos que este m\u00e9todo de produ\u00e7\u00e3o implica um aumento do tempo necess\u00e1rio para a entrega da encomenda, porque cada pe\u00e7a ser\u00e1 produzida especialmente para cada cliente!&quot;}\" data-sheets-userformat=\"{&quot;2&quot;:641,&quot;3&quot;:{&quot;1&quot;:0},&quot;10&quot;:0,&quot;12&quot;:0}\">A URBANOID produz de acordo com os pedidos de cada cliente. Ao criar um sistema de produ\u00e7\u00e3o que segue o pedido do mercado, fabricamos de forma realista, evitando o excesso de produ\u00e7\u00e3o \u2013 um dos maiores problemas quando se olha para a sustentabilidade. Sublinhamos que este m\u00e9todo de produ\u00e7\u00e3o implica um aumento do tempo necess\u00e1rio para a entrega da encomenda, porque cada pe\u00e7a ser\u00e1 produzida especialmente para cada cliente!<\/span><\/p>\n","protected":false},"excerpt":{"rendered":"<p><span data-sheets-value=\"{&quot;1&quot;:2,&quot;2&quot;:&quot;Vestido curto estruturado com decote em V e manga reglan, com aba no mesmo tecido.&quot;}\" data-sheets-userformat=\"{&quot;2&quot;:705,&quot;3&quot;:{&quot;1&quot;:0},&quot;9&quot;:0,&quot;10&quot;:0,&quot;12&quot;:0}\">Vestido curto estruturado com decote em V e manga reglan, com aba no mesmo tecido.<\/span><\/p>\n","protected":false},"featured_media":6318,"template":"","meta":[],"product_brand":[],"product_cat":[1195,218],"product_tag":[],"class_list":{"0":"post-6324","1":"product","2":"type-product","3":"status-publish","4":"has-post-thumbnail","6":"product_cat-mulher","7":"product_cat-vestidos","9":"first","10":"instock","11":"taxable","12":"shipping-taxable","13":"purchasable","14":"product-type-variable"},"_links":{"self":[{"href":"https:\/\/urbanoid.pt\/index.php\/wp-json\/wp\/v2\/product\/6324","targetHints":{"allow":["GET"]}}],"collection":[{"href":"https:\/\/urbanoid.pt\/index.php\/wp-json\/wp\/v2\/product"}],"about":[{"href":"https:\/\/urbanoid.pt\/index.php\/wp-json\/wp\/v2\/types\/product"}],"wp:featuredmedia":[{"embeddable":true,"href":"https:\/\/urbanoid.pt\/index.php\/wp-json\/wp\/v2\/media\/6318"}],"wp:attachment":[{"href":"https:\/\/urbanoid.pt\/index.php\/wp-json\/wp\/v2\/media?parent=6324"}],"wp:term":[{"taxonomy":"product_brand","embeddable":true,"href":"https:\/\/urbanoid.pt\/index.php\/wp-json\/wp\/v2\/product_brand?post=6324"},{"taxonomy":"product_cat","embeddable":true,"href":"https:\/\/urbanoid.pt\/index.php\/wp-json\/wp\/v2\/product_cat?post=6324"},{"taxonomy":"product_tag","embeddable":true,"href":"https:\/\/urbanoid.pt\/index.php\/wp-json\/wp\/v2\/product_tag?post=6324"}],"curies":[{"name":"wp","href":"https:\/\/api.w.org\/{rel}","templated":true}]}}